{"id":71,"date":"2025-10-29T20:37:49","date_gmt":"2025-10-29T23:37:49","guid":{"rendered":"https:\/\/monfinanceement.com\/?post_type=product&#038;p=71"},"modified":"2025-10-30T15:08:11","modified_gmt":"2025-10-30T18:08:11","slug":"chevrolet-onix-2023","status":"publish","type":"product","link":"https:\/\/monfinanceement.com\/?product=chevrolet-onix-2023","title":{"rendered":"Chevrolet Onix 2023"},"content":{"rendered":"<h1 class=\"vehica-car-name\">Fiat Argo 2023 1.0<\/h1>\n<p>Marca: Fiat<br \/>\nModelo: Argo<br \/>\nAno: 2023<br \/>\nTipo de unidade: Tra\u00e7\u00e3o dianteira<br \/>\nTransmiss\u00e3o: Manual<br \/>\nCondi\u00e7\u00e3o: Usado<br \/>\nAno:2023<br \/>\nKm:41.000 Km<br \/>\nTipo de combust\u00edvel: Gasolina<br \/>\nTamanho do motor:1,0L<br \/>\nPortas:4 Portas<br \/>\nCilindros:3<br \/>\nAno:2023<\/p>\n<div class=\"vehica-grid__element vehica-grid__element--1of1 vehica-grid__element--tablet-1of2 vehica-grid__element--mobile-1of1\">\n<div class=\"vehica-grid\"><\/div>\n<\/div>\n<div class=\"vehica-grid__element vehica-grid__element--1of1 vehica-grid__element--tablet-1of2 vehica-grid__element--mobile-1of1\">\n<div class=\"vehica-grid\">\n<div class=\"vehica-car-attributes__values vehica-grid__element--1of2\"><\/div>\n<\/div>\n<\/div>\n","protected":false},"excerpt":{"rendered":"<p>Fiat Argo 2023 1.0 Marca: Fiat Modelo: Argo Ano: 2023 Tipo de unidade: Tra\u00e7\u00e3o dianteira Transmiss\u00e3o: Manual Condi\u00e7\u00e3o: Usado Ano:2023 Km:41.000 Km Tipo de combust\u00edvel: Gasolina Tamanho do motor:1,0L Portas:4 Portas Cilindros:3 Ano:2023<\/p>\n","protected":false},"featured_media":79,"comment_status":"open","ping_status":"closed","template":"","meta":[],"product_brand":[],"product_cat":[21],"product_tag":[],"class_list":{"0":"post-71","1":"product","2":"type-product","3":"status-publish","4":"has-post-thumbnail","6":"product_cat-fiat","8":"first","9":"instock","10":"shipping-taxable","11":"purchasable","12":"product-type-simple"},"_links":{"self":[{"href":"https:\/\/monfinanceement.com\/index.php?rest_route=\/wp\/v2\/product\/71","targetHints":{"allow":["GET"]}}],"collection":[{"href":"https:\/\/monfinanceement.com\/index.php?rest_route=\/wp\/v2\/product"}],"about":[{"href":"https:\/\/monfinanceement.com\/index.php?rest_route=\/wp\/v2\/types\/product"}],"replies":[{"embeddable":true,"href":"https:\/\/monfinanceement.com\/index.php?rest_route=%2Fwp%2Fv2%2Fcomments&post=71"}],"wp:featuredmedia":[{"embeddable":true,"href":"https:\/\/monfinanceement.com\/index.php?rest_route=\/wp\/v2\/media\/79"}],"wp:attachment":[{"href":"https:\/\/monfinanceement.com\/index.php?rest_route=%2Fwp%2Fv2%2Fmedia&parent=71"}],"wp:term":[{"taxonomy":"product_brand","embeddable":true,"href":"https:\/\/monfinanceement.com\/index.php?rest_route=%2Fwp%2Fv2%2Fproduct_brand&post=71"},{"taxonomy":"product_cat","embeddable":true,"href":"https:\/\/monfinanceement.com\/index.php?rest_route=%2Fwp%2Fv2%2Fproduct_cat&post=71"},{"taxonomy":"product_tag","embeddable":true,"href":"https:\/\/monfinanceement.com\/index.php?rest_route=%2Fwp%2Fv2%2Fproduct_tag&post=71"}],"curies":[{"name":"wp","href":"https:\/\/api.w.org\/{rel}","templated":true}]}}